{"id":151,"date":"2024-10-23T22:45:06","date_gmt":"2024-10-23T20:45:06","guid":{"rendered":"https:\/\/geraldnadaud.fr\/?page_id=151"},"modified":"2025-02-18T17:48:31","modified_gmt":"2025-02-18T16:48:31","slug":"mes-passions","status":"publish","type":"page","link":"https:\/\/geraldnadaud.fr\/index.php\/mes-passions\/","title":{"rendered":"Mes centres d&#8217;int\u00e9r\u00eat"},"content":{"rendered":"\n<p><\/p>\n\n\n\n<h2 class=\"wp-block-heading\">1. J&#8217;aime un peu, beaucoup, passion\u00e9ment, pas du tout <\/h2>\n\n\n\n<p><\/p>\n\n\n\n<h3 class=\"wp-block-heading\">J&#8217;adore<\/h3>\n\n\n\n<ul class=\"wp-block-list\">\n<li><em><strong>Les Universit\u00e9s et les biblioth\u00e8ques universitaires  \ud83c\udf93<\/strong><\/em><em><strong> :<\/strong><\/em> le temple du Savoir, what else ?<\/li>\n\n\n\n<li><strong><em>Lire, \u00e9crire et r\u00e9fl\u00e9chir \ud83d\udcda :<\/em><\/strong> \u00e7a tombe bien pour un prof, non ?<\/li>\n\n\n\n<li><strong><em>Les USA et l\u2019Italie \ud83c\uddfa\ud83c\uddf8 \ud83c\uddee\ud83c\uddf9 <\/em><\/strong><strong><em>  :<\/em><\/strong>&nbsp;pour les USA, la mentalit\u00e9, l&#8217;optimisme. Pour l&#8217;Italie, la <em>dolce vita<\/em> et la cuisine !<\/li>\n\n\n\n<li><strong><em>L\u2019Auvergne : <\/em><\/strong>belle et authentique, une r\u00e9gion magnifique ! J\u2019ai eu la chance d\u2019y vivre un an et j\u2019ai ador\u00e9.&nbsp;<\/li>\n\n\n\n<li><strong><em>Les bandes dessin\u00e9es franco-belges :<\/em><\/strong> attention, pas toutes ! Ma Sainte-Trinit\u00e9, c&#8217;est <em>Ast\u00e9rix<\/em>, <em>Tintin <\/em>et <em>Lucky Luke<\/em>. Avec le g\u00e9nie de Goscinny ! Je rajouterai aussi un auteur que j&#8217;adore : Franck Margerin, et un personnage de Disney : l&#8217;oncle Picsou. <\/li>\n\n\n\n<li><strong><em>Les ann\u00e9es 80 et 90 :<\/em><\/strong> Aucune nostalgie, mais question musique et s\u00e9ries TV, je suis rest\u00e9 bloqu\u00e9 dans cette p\u00e9riode \ud83d\ude01 !<\/li>\n\n\n\n<li><strong><em>Faire cours et \u00eatre avec mes \u00e9l\u00e8ves \ud83d\ude09 !&nbsp;<\/em><\/strong><\/li>\n<\/ul>\n\n\n\n<h3 class=\"wp-block-heading\">J\u2019adorais, mais j\u2019aime moins aujourd&#8217;hui<\/h3>\n\n\n\n<ul class=\"wp-block-list\">\n<li><strong><em>Nice, la C\u00f4te d\u2019Azur et la Provence : <\/em><\/strong>Ok, le soleil et la M\u00e9diterran\u00e9e constituent une combinaison plut\u00f4t sympathique. Mais l\u2019\u00e9tat d\u2019esprit est lassant et usant \u00e0 la longue. Tout \u00e7a manque vraiment d\u2019authenticit\u00e9.&nbsp; <\/li>\n\n\n\n<li><strong><em>La moto \ud83c\udfcd <\/em><\/strong><strong><em> :<\/em><\/strong> ma passion de jeunesse, surtout le tout-terrain (motocross, enduro, trial, etc.). J\u2019\u00e9tais fan absolu et j\u2019attendais chaque mois mes magazines pour d\u00e9couvrir les r\u00e9sultats (et oui, pas d\u2019Internet \u00e0 l\u2019\u00e9poque \ud83d\ude09 !). Je suis toujours les championnats, mais clairement la fibre n\u2019est plus la m\u00eame.&nbsp;<\/li>\n\n\n\n<li><strong><em>Les chevaux&nbsp;<\/em><\/strong><em>\ud83d\udc0e <\/em><em>  <\/em><em>:<\/em> comme pour la moto, c&#8217;\u00e9tait ma deuxi\u00e8me grande passion.<\/li>\n\n\n\n<li><strong><em>La boxe \ud83e\udd4a<\/em><\/strong><strong><em> : <\/em><\/strong>J&#8217;\u00e9tais fan des boxeurs des ann\u00e9es 1990, surtout les boxeurs fran\u00e7ais. Mais aujourd\u2019hui, je ne retrouve plus la m\u00eame ambiance. Et le MMA, je n\u2019ai jamais accroch\u00e9.&nbsp;<\/li>\n<\/ul>\n\n\n\n<h3 class=\"wp-block-heading\">J\u2019adorais, mais je n\u2019aime plus<\/h3>\n\n\n\n<ul class=\"wp-block-list\">\n<li><strong><em>La gestion de patrimoine :<\/em><\/strong>  j&#8217;ai travaill\u00e9 10 ans dans ce seceur. Ca fait une belle carte de visite, mais \u00e7a fait du bien quand \u00e7a s&#8217;arr\u00eate \ud83d\ude02 !<\/li>\n\n\n\n<li><strong><em>Regarder la TV :<\/em><\/strong> alors l\u00e0, je ne sais m\u00eame pas pourquoi j&#8217;en ai encore une&#8230; <\/li>\n\n\n\n<li><strong><em>La r\u00e9gion des Hauts-de-France : <\/em><\/strong>bon, j&#8217;y suis n\u00e9. Je trouvais \u00e7a cool&#8230; avant de conna\u00eetre autre chose \ud83d\ude04 ! <\/li>\n<\/ul>\n\n\n\n<h2 class=\"wp-block-heading\">2. Mes pr\u00e9f\u00e9rences sportives<\/h2>\n\n\n\n<p>Bon, soyons clair ; je ne fais pas partie des fans <em>hardcore<\/em> qui suivent leur \u00e9quipe au bout du monde. Je m&#8217;attache plus \u00e0 des clubs li\u00e9s aux villes dans lesquelles j&#8217;ai v\u00e9cu, travaill\u00e9, ou pass\u00e9 du bon temps. Je remarque que ce sont souvent des clubs &#8220;rouge et noir&#8221; \ud83d\ude09 !<\/p>\n\n\n\n<h3 class=\"wp-block-heading\">Mes \u00e9quipes en France :<\/h3>\n\n\n\n<ul class=\"wp-block-list\">\n<li><strong>Le foot : <\/strong>l&#8217;OGC Nice \ud83d\udd34\u26ab <strong>\u26bd<\/strong><\/li>\n\n\n\n<li><strong>Le rugby :<\/strong> l&#8217;ASM de Clermont-Ferrand \ud83d\udfe1\ud83d\udd35 <strong>\ud83c\udfc9<\/strong><\/li>\n\n\n\n<li><strong>Le hockey sur glace : <\/strong>les Gothiques d&#8217;Amiens \ud83d\udd34\u26ab    <strong>\ud83c\udfd2<\/strong><\/li>\n\n\n\n<li><strong>Le basket : <\/strong>l&#8217;AS Monaco (si, si c&#8217;est en France \ud83d\ude02 !) \ud83c\udfc0<\/li>\n<\/ul>\n\n\n\n<h3 class=\"wp-block-heading\">Mes \u00e9quipes dans les sports US :<\/h3>\n\n\n\n<ul class=\"wp-block-list\">\n<li><strong>Le hockey sur glace :<\/strong> les Canadiens de Montr\u00e9al<\/li>\n\n\n\n<li><strong>Le college football : <\/strong>les Texas Longhorns<\/li>\n<\/ul>\n\n\n\n<h2 class=\"wp-block-heading\">3. Double choix <\/h2>\n\n\n\n<ul class=\"wp-block-list\">\n<li><strong>Auvergne ou Provence ?<\/strong> Auvergne<\/li>\n\n\n\n<li><strong>Chat ou chien ?<\/strong> Chat<\/li>\n\n\n\n<li><strong>Economie ou Gestion ? <\/strong>Gestion<\/li>\n\n\n\n<li><strong>Harvard ou Oxford ?<\/strong> Harvard<\/li>\n\n\n\n<li><strong>Mer ou montagne ?<\/strong> Campagne et for\u00eat \ud83d\ude04<\/li>\n\n\n\n<li><strong>Harley ou Ducati ?<\/strong> Harley<\/li>\n\n\n\n<li><strong>Avec ou sans cravate ? <\/strong>Avec<\/li>\n\n\n\n<li><strong>Calme ou bruit ?<\/strong> Calme<\/li>\n\n\n\n<li><strong>Pizza feu de bois ou pissaladi\u00e8re ?<\/strong> Pizza (avec la p\u00e2te napolitaine SVP)<\/li>\n\n\n\n<li><strong>Vingegaard ou Pogacar ?<\/strong> Vingegaard<\/li>\n\n\n\n<li><strong>Finale de coupe du monde ou Superbowl ?<\/strong> Superbowl<\/li>\n\n\n\n<li><strong>Supercross US ou MXGP ?<\/strong> Supercross US<\/li>\n\n\n\n<li><strong>Equipe de foot du Br\u00e9sil ou \u00e9quipe de hockey du Canada ? <\/strong>Canada, of course <\/li>\n<\/ul>\n\n\n\n<p>Et voil\u00e0, vous me connaissez un peu mieux ! <\/p>\n\n\n<div class=\"wp-block-image\">\n<figure class=\"alignright size-full is-resized\"><img loading=\"lazy\" decoding=\"async\" width=\"349\" height=\"360\" src=\"http:\/\/geraldnadaud.fr\/wp-content\/uploads\/2024\/11\/GN.jpeg\" alt=\"\" class=\"wp-image-207\" style=\"width:111px;height:auto\" srcset=\"https:\/\/geraldnadaud.fr\/wp-content\/uploads\/2024\/11\/GN.jpeg 349w, https:\/\/geraldnadaud.fr\/wp-content\/uploads\/2024\/11\/GN-291x300.jpeg 291w\" sizes=\"auto, (max-width: 349px) 100vw, 349px\" \/><\/figure>\n<\/div>\n\n\n<p><\/p>\n<div class=\"remoji_bar\"><div class=\"remoji_add_container\" data-remoji-id=\"151\" data-remoji-type=\"post\"><div class=\"remoji_add_icon\"><\/div><\/div><div class=\"remoji_error_bar\" data-remoji-id=\"151\" data-remoji-type=\"post\" style=\"display: none;\">Error happened.<\/div><\/div>","protected":false},"excerpt":{"rendered":"<p>1. J&#8217;aime un peu, beaucoup, passion\u00e9ment, pas du tout J&#8217;adore J\u2019adorais, mais j\u2019aime moins aujourd&#8217;hui J\u2019adorais, mais je n\u2019aime plus 2. Mes pr\u00e9f\u00e9rences sportives Bon,&#8230;<\/p>\n<div class=\"more-link-wrapper\"><a class=\"more-link\" href=\"https:\/\/geraldnadaud.fr\/index.php\/mes-passions\/\">Lire la suite (et la fin \ud83d\ude09 !)<span class=\"screen-reader-text\">Mes centres d&#8217;int\u00e9r\u00eat<\/span><\/a><\/div>\n","protected":false},"author":1,"featured_media":0,"parent":0,"menu_order":0,"comment_status":"closed","ping_status":"closed","template":"","meta":{"footnotes":""},"class_list":["post-151","page","type-page","status-publish","hentry","entry"],"_links":{"self":[{"href":"https:\/\/geraldnadaud.fr\/index.php\/wp-json\/wp\/v2\/pages\/151","targetHints":{"allow":["GET"]}}],"collection":[{"href":"https:\/\/geraldnadaud.fr\/index.php\/wp-json\/wp\/v2\/pages"}],"about":[{"href":"https:\/\/geraldnadaud.fr\/index.php\/wp-json\/wp\/v2\/types\/page"}],"author":[{"embeddable":true,"href":"https:\/\/geraldnadaud.fr\/index.php\/wp-json\/wp\/v2\/users\/1"}],"replies":[{"embeddable":true,"href":"https:\/\/geraldnadaud.fr\/index.php\/wp-json\/wp\/v2\/comments?post=151"}],"version-history":[{"count":6,"href":"https:\/\/geraldnadaud.fr\/index.php\/wp-json\/wp\/v2\/pages\/151\/revisions"}],"predecessor-version":[{"id":224,"href":"https:\/\/geraldnadaud.fr\/index.php\/wp-json\/wp\/v2\/pages\/151\/revisions\/224"}],"wp:attachment":[{"href":"https:\/\/geraldnadaud.fr\/index.php\/wp-json\/wp\/v2\/media?parent=151"}],"curies":[{"name":"wp","href":"https:\/\/api.w.org\/{rel}","templated":true}]}}