{"id":241,"date":"2025-04-18T18:49:56","date_gmt":"2025-04-18T16:49:56","guid":{"rendered":"https:\/\/geraldnadaud.fr\/?page_id=241"},"modified":"2025-04-18T21:37:15","modified_gmt":"2025-04-18T19:37:15","slug":"sujets-et-rapports-du-jury-agreg","status":"publish","type":"page","link":"https:\/\/geraldnadaud.fr\/index.php\/sujets-et-rapports-du-jury-agreg\/","title":{"rendered":"Sujets et rapports du jury AGREG"},"content":{"rendered":"\n<p>Vous trouverez ici les sujets et rapports des jurys des deux derni\u00e8res ann\u00e9es de l&#8217;Agr\u00e9gation d&#8217;Economie-Gestion, pour l&#8217;ensemble des options (<strong>A :<\/strong> <em>Administration et ressources humaines<\/em>, <strong>B : <\/strong><em>Finance et contr\u00f4le<\/em>, <strong>C : <\/strong><em>Marketing<\/em>, <strong>D :<\/strong> <em>Syst\u00e8me d&#8217;information <\/em>et <strong>E : <\/strong><em>Production de services<\/em>).<\/p>\n\n\n\n<p>Attention ! En 2022, une r\u00e9forme des \u00e9preuves s&#8217;est op\u00e9r\u00e9e. Jusqu&#8217;alors, le candidat avait le choix entre une \u00e9preuve de droit et d&#8217;\u00e9conomie \u00e0 l&#8217;\u00e9crit. Depuis la session 2023, il doit composer dans les deux disciplines, qui sont r\u00e9unies en une seule \u00e9preuve. <\/p>\n\n\n\n<h2 class=\"wp-block-heading\"><a href=\"https:\/\/geraldnadaud.fr\/index.php\/sujets-et-rapports-du-jury-agregation-2024\/\" data-type=\"page\" data-id=\"259\">2024<\/a><\/h2>\n\n\n\n<h2 class=\"wp-block-heading\">2023<\/h2>\n\n\n\n<p><\/p>\n<div class=\"remoji_bar\"><div class=\"remoji_add_container\" data-remoji-id=\"241\" data-remoji-type=\"post\"><div class=\"remoji_add_icon\"><\/div><\/div><div class=\"remoji_error_bar\" data-remoji-id=\"241\" data-remoji-type=\"post\" style=\"display: none;\">Error happened.<\/div><\/div>","protected":false},"excerpt":{"rendered":"<p>Vous trouverez ici les sujets et rapports des jurys des deux derni\u00e8res ann\u00e9es de l&#8217;Agr\u00e9gation d&#8217;Economie-Gestion, pour l&#8217;ensemble des options (A : Administration et ressources&#8230;<\/p>\n<div class=\"more-link-wrapper\"><a class=\"more-link\" href=\"https:\/\/geraldnadaud.fr\/index.php\/sujets-et-rapports-du-jury-agreg\/\">Lire la suite (et la fin \ud83d\ude09 !)<span class=\"screen-reader-text\">Sujets et rapports du jury AGREG<\/span><\/a><\/div>\n","protected":false},"author":1,"featured_media":0,"parent":0,"menu_order":0,"comment_status":"closed","ping_status":"closed","template":"","meta":{"footnotes":""},"class_list":["post-241","page","type-page","status-publish","hentry","entry"],"_links":{"self":[{"href":"https:\/\/geraldnadaud.fr\/index.php\/wp-json\/wp\/v2\/pages\/241","targetHints":{"allow":["GET"]}}],"collection":[{"href":"https:\/\/geraldnadaud.fr\/index.php\/wp-json\/wp\/v2\/pages"}],"about":[{"href":"https:\/\/geraldnadaud.fr\/index.php\/wp-json\/wp\/v2\/types\/page"}],"author":[{"embeddable":true,"href":"https:\/\/geraldnadaud.fr\/index.php\/wp-json\/wp\/v2\/users\/1"}],"replies":[{"embeddable":true,"href":"https:\/\/geraldnadaud.fr\/index.php\/wp-json\/wp\/v2\/comments?post=241"}],"version-history":[{"count":3,"href":"https:\/\/geraldnadaud.fr\/index.php\/wp-json\/wp\/v2\/pages\/241\/revisions"}],"predecessor-version":[{"id":262,"href":"https:\/\/geraldnadaud.fr\/index.php\/wp-json\/wp\/v2\/pages\/241\/revisions\/262"}],"wp:attachment":[{"href":"https:\/\/geraldnadaud.fr\/index.php\/wp-json\/wp\/v2\/media?parent=241"}],"curies":[{"name":"wp","href":"https:\/\/api.w.org\/{rel}","templated":true}]}}