{"id":36,"date":"2024-07-26T15:09:44","date_gmt":"2024-07-26T13:09:44","guid":{"rendered":"https:\/\/geraldnadaud.fr\/?page_id=36"},"modified":"2024-10-23T22:17:58","modified_gmt":"2024-10-23T20:17:58","slug":"a-propos-2","status":"publish","type":"page","link":"https:\/\/geraldnadaud.fr\/index.php\/a-propos-2\/","title":{"rendered":"Pourquoi ce site ?"},"content":{"rendered":"\n<p>C&#8217;est bien \u00e9videmment la question que tout le monde se pose en atterissant totalement par hasard sur ce site (ou bien par d\u00e9soeuvrement total ou par ennui profond : les raisons ne manquent pas). Et bien plusieurs raisons expliquent la mise en place d&#8217;un site qui va contribuer au r\u00e9chauffement climatique en obligeant les data centers \u00e0 conserver mes donn\u00e9es bien au chaud. <\/p>\n\n\n\n<ol class=\"wp-block-list\">\n<li><strong>Par narcissisme<\/strong> \ud83d\ude0e<\/li>\n<\/ol>\n\n\n\n<p> G\u00e9rald Nadaud, site officiel ! Genre le gars est connu ! Oh, tu te prends pour une vedette ? Autant anticiper, \u00e7a arrive toujours plus vite que pr\u00e9vu.<\/p>\n\n\n\n<p>Evidemment, avec tous les r\u00e9seaux sociaux qui existent de nos jours, on peut s&#8217;interroger sur l&#8217;utilit\u00e9 d&#8217;un site perso. Mais apr\u00e8s une longue r\u00e9flexion, c&#8217;\u00e9tait la seule solution qui me restait. Jugez plut\u00f4t par vous-m\u00eames :<\/p>\n\n\n\n<ul class=\"wp-block-list\">\n<li>Il y avait bien le site &#8220;<em>Copains d&#8217;avant&#8221;<\/em>, mais j&#8217;aurais \u00e9t\u00e9 davantage \u00e0 l&#8217;aise avec &#8220;<em>Ennemis de maintenant<\/em>&#8220;, o\u00f9 ma visibilit\u00e9 aurait \u00e9t\u00e9 bien meilleure. D&#8217;ailleurs on peut s&#8217;interroger sur le nom : &#8220;d&#8217;avant&#8221; quoi ? D&#8217;avant qu&#8217;on se rende compte qu&#8217;on est plus tranquille maintenant qu&#8217;on ne voit plus lesdits copains, of course !<\/li>\n<\/ul>\n\n\n\n<ul class=\"wp-block-list\">\n<li>Bien entendu, il y a FB, sur lequel vous pouvez retrouver des personnes que vous n&#8217;aviez pas vues depuis longtemps. Pass\u00e9 la joie des premiers \u00e9changes, vous comprenez apr\u00e8s quelques posts pourquoi vous les aviez oubli\u00e9es&#8230; Et puis, comme me disent mes \u00e9l\u00e8ves : &#8220;<em>FB, c&#8217;est pour les vieux, M&#8217;sieur<\/em>&#8221; !<\/li>\n<\/ul>\n\n\n\n<ul class=\"wp-block-list\">\n<li>Twitter ? Ecrire en 140 caract\u00e8res, c&#8217;est impossible pour moi, c&#8217;est \u00e0 peine la premi\u00e8re phrase de mes introductions ! Et le nouveau nom : &#8220;X&#8221;&#8230; Merci bien, ne m\u00e9langeons pas les genres please ! <\/li>\n<\/ul>\n\n\n\n<ul class=\"wp-block-list\">\n<li>Instagram ? On voit toujours mon doigt sur les photos (dommage, elle \u00e9tait cadr\u00e9e pour une fois)&#8230;<\/li>\n<\/ul>\n\n\n\n<p>Bref, il ne reste que le site ! Et puis, il faut bien vivre avec son temps : maintenant que j&#8217;ai l&#8217;\u00e9lectricit\u00e9 et que je r\u00e9ussis \u00e0 allumer un ordinateur, autant se lancer. De plus, autant faire soi-m\u00eame son auto-propagande, \u00e7a \u00e9vite de subir les attaques des autres.&nbsp;<\/p>\n\n\n\n<p>Mais dis, qui va le lire ton site ? Primo, les multinationales riches en p\u00e9tro-dollars, qui ne manqueront pas de rep\u00e9rer ce site brillant, mis en oeuvre et anim\u00e9 par un esth\u00e8te au charisme et au brio difficilement \u00e9galables. Par cons\u00e9quent, elles n&#8217;h\u00e9siteront pas \u00e0 me proposer des contrats \u00e0 prix d&#8217;or pouvant atteindre plusieurs centaines de millions de dollars (au moins !) pour une simple pub. Je pr\u00e9viens de suite que je n&#8217;accepterai pas tout.<\/p>\n\n\n\n<p>Viendront ensuite des centaines de millions de curieux, d\u00e9sirant connaitre les moindres d\u00e9tails d&#8217;un parcours hors norme. Bon, plus vraisemblablement, \u00e7a n&#8217;attirera personne. Mais en raisonnant comme Bigard dans son sketch de la chauve-souris : <\/p>\n\n\n\n<p>Imaginons que quelqu&#8217;un cherche des informations sur moi.&nbsp; Bon, d&#8217;accord, il faudrait d\u00e9j\u00e0 que quelqu&#8217;un se souvienne de moi. Mais admettons que \u00e7a arrive. Il faudrait aussi qu&#8217;il me google sans faute dans mon nom. Mais admettons qu&#8217;il y arrive. Certes, il faudrait aussi qu&#8217;il aille sur mon site plut\u00f4t que celui d&#8217;un autre G\u00e9rald Nadaud. Mais admettons qu&#8217;il ne se trompe pas. Et bien, j&#8217;aurai dr\u00f4lement bien fait de le r\u00e9aliser ce site !<\/p>\n\n\n\n<p>CQFD.<\/p>\n\n\n\n<p>2<strong>. Par bienveillance<\/strong> \ud83d\ude07<\/p>\n\n\n\n<p>Oui, \u00e7a m&#8217;arrive parfois ! D&#8217;ailleurs, c&#8217;est la principale raison qui m&#8217;a motiv\u00e9 ! En passant le CAPET d&#8217;Economie-Gestion en candidat libre, je me suis aper\u00e7u des difficult\u00e9s \u00e0 trouver des informations concr\u00e8tes sur des sujets bien sp\u00e9cifiques. Et je me suis dit qu&#8217;il serait sympa de partager quelques conseils pour permettre aux futur(e)s coll\u00e8gues de passer le concours en limitant le stress.<\/p>\n\n\n\n<p>Par ailleurs, les premi\u00e8res ann\u00e9es \u00e9tant toujours un peu difficiles, autant partager les bonnes id\u00e9es pour profiter de ce m\u00e9tier !<\/p>\n\n\n\n<p>Bref, le site d&#8217;un prof pour les profs (et les \u00e9l\u00e8ves aussi \ud83d\ude09 ) !<\/p>\n\n\n\n<p>Bonne lecture et bon surf.<\/p>\n\n\n\n<p>G\u00e9rald Nadaud <\/p>\n\n\n\n<p><\/p>\n\n\n\n<p><\/p>\n<div class=\"remoji_bar\"><div class=\"remoji_add_container\" data-remoji-id=\"36\" data-remoji-type=\"post\"><div class=\"remoji_add_icon\"><\/div><\/div><div class=\"remoji_error_bar\" data-remoji-id=\"36\" data-remoji-type=\"post\" style=\"display: none;\">Error happened.<\/div><\/div>","protected":false},"excerpt":{"rendered":"<p>C&#8217;est bien \u00e9videmment la question que tout le monde se pose en atterissant totalement par hasard sur ce site (ou bien par d\u00e9soeuvrement total ou&#8230;<\/p>\n<div class=\"more-link-wrapper\"><a class=\"more-link\" href=\"https:\/\/geraldnadaud.fr\/index.php\/a-propos-2\/\">Lire la suite (et la fin \ud83d\ude09 !)<span class=\"screen-reader-text\">Pourquoi ce site ?<\/span><\/a><\/div>\n","protected":false},"author":1,"featured_media":0,"parent":0,"menu_order":0,"comment_status":"closed","ping_status":"closed","template":"","meta":{"footnotes":""},"class_list":["post-36","page","type-page","status-publish","hentry","entry"],"_links":{"self":[{"href":"https:\/\/geraldnadaud.fr\/index.php\/wp-json\/wp\/v2\/pages\/36","targetHints":{"allow":["GET"]}}],"collection":[{"href":"https:\/\/geraldnadaud.fr\/index.php\/wp-json\/wp\/v2\/pages"}],"about":[{"href":"https:\/\/geraldnadaud.fr\/index.php\/wp-json\/wp\/v2\/types\/page"}],"author":[{"embeddable":true,"href":"https:\/\/geraldnadaud.fr\/index.php\/wp-json\/wp\/v2\/users\/1"}],"replies":[{"embeddable":true,"href":"https:\/\/geraldnadaud.fr\/index.php\/wp-json\/wp\/v2\/comments?post=36"}],"version-history":[{"count":5,"href":"https:\/\/geraldnadaud.fr\/index.php\/wp-json\/wp\/v2\/pages\/36\/revisions"}],"predecessor-version":[{"id":150,"href":"https:\/\/geraldnadaud.fr\/index.php\/wp-json\/wp\/v2\/pages\/36\/revisions\/150"}],"wp:attachment":[{"href":"https:\/\/geraldnadaud.fr\/index.php\/wp-json\/wp\/v2\/media?parent=36"}],"curies":[{"name":"wp","href":"https:\/\/api.w.org\/{rel}","templated":true}]}}