{"id":38,"date":"2024-07-26T15:16:27","date_gmt":"2024-07-26T13:16:27","guid":{"rendered":"https:\/\/geraldnadaud.fr\/?page_id=38"},"modified":"2024-10-25T10:31:53","modified_gmt":"2024-10-25T08:31:53","slug":"mon-parcours","status":"publish","type":"page","link":"https:\/\/geraldnadaud.fr\/index.php\/mon-parcours\/","title":{"rendered":"G\u00e9rald Nadaud, c\u00e9ki ? \ud83e\udd14"},"content":{"rendered":"\n<p>Quoi de mieux qu&#8217;un site Internet pour expliquer son parcours pro ? Au moins, je peux mettre en avant ce que je veux, mentir quand \u00e7a m&#8217;arrange et passer sous silence les quelques difficult\u00e9s rencontr\u00e9es. Beaucoup plus agr\u00e9able qu&#8217;un entretien d&#8217;embauche avec une vieille DRH renfrogn\u00e9e ! On peut bien entendu s&#8217;interroger sur l&#8217;utilit\u00e9 de cette page, pusiqu&#8217;elle ne sera pas lue et que mon parcours n&#8217;int\u00e9resse s\u00fbrement personne (\u00e0 part toi qui lit en ce moment, petit voyeur indiscret), mais \u00e7a m&#8217;occupe et \u00e9crire fait parait-il reculer l&#8217;apparition d&#8217;Alzheimer&#8230;<\/p>\n\n\n\n<p>J&#8217;ai dans un premier temps \u00e9volu\u00e9 dans l&#8217;enseignement et la recherche en Economie, \u00e0 l&#8217;Universit\u00e9 de Picardie Jules Verne. Par la suite, je me suis dirig\u00e9 vers la C\u00f4te d&#8217;Azur et la banque patrimoniale, au sein d&#8217;organismes financiers r\u00e9put\u00e9s : Allianz, HSBC et Barclays.  J&#8217;ai \u00e9galement occup\u00e9 le poste de Pr\u00e9sident du Conseil Syndical du Domaine Saint-Pierre de Tourtour. Et aujourd&#8217;hui, je suis professeur d&#8217;Economie-Gestion et je m&#8217;\u00e9clate avec mes \u00e9l\u00e8ves en STMG. <\/p>\n\n\n\n<h2 class=\"wp-block-heading\"><strong>Un parcours incroyable&#8230;<\/strong><\/h2>\n\n\n\n<p>Mais, me direz-vous, pour en arriver l\u00e0, cher ami, quelles \u00e9preuves dus-tu surmonter ? Oulah, accrochez-vous. Une v\u00e9ritable \u00e9pop\u00e9e balzacienne vous attend, ch\u00e8res lectrices et chers lecteurs (vu la fr\u00e9quentation attendue sur ce site, je me demande si je dois vraiment mettre le pluriel d&#8217;ailleurs&#8230;).<\/p>\n\n\n\n<p>Allez, faisons-nous plaisir ! Apr\u00e8s avoir fr\u00e9quent\u00e9 les \u00e9tablissements scolaires hupp\u00e9s les plus r\u00e9put\u00e9s de la c\u00f4te Est am\u00e9ricaine, ann\u00e9es durant lesquelles je fr\u00e9quentais les rejetons du gotha international, j&#8217;int\u00e9grais brillament la facult\u00e9 de Droit d&#8217;Harvard. Un Doctorat (PhD pour les Yankees) plus tard (avec les <em>cum laude<\/em> du jury, of course), je m&#8217;orientais vers les cabinets d&#8217;avocats new-yorkais les plus prestigieux. Il m&#8217;a ainsi \u00e9t\u00e9 permis de d\u00e9livrer Nelson Mandela de sa ge\u00f4le sud-africaine, de traquer les anciens nazis, de mettre fin au trafic international de coca\u00efne, et surtout de d\u00e9fendre Diego Maradona du fisc italien qui lui reprochait une petite ardoise non r\u00e9gularis\u00e9e.<\/p>\n\n\n\n<p>Que serait la t\u00eate sans le corps me direz-vous ? Je profitais bien entendu de mes ann\u00e9es universitaires pour d\u00e9crocher le titre olympique du 100 m, doubl\u00e9 de celui du marathon, et tripl\u00e9 de celui de boxe car que serait la vitesse sans l&#8217;endurance et la force ? Remarqu\u00e9 \u00e9galement pour mes qualit\u00e9s artistiques, j&#8217;\u00e9tais vite recrut\u00e9 pour le r\u00f4le principal d&#8217;un blockbuster hollywoodien, dans lequel j&#8217;incarnais un super flic venant du futur pour modifier le pass\u00e9 sans trop impacter le pr\u00e9sent&#8230;. Compliqu\u00e9, mais successful ! Cette prestation de haut niveau me permettait d&#8217;ailleurs de d\u00e9crocher l&#8217;Oscar du meilleur acteur lors d&#8217;une c\u00e9r\u00e9monie inoubliable et riche en \u00e9motions.<\/p>\n\n\n\n<p>Bien \u00e9videmment, membre actif des services secrets fran\u00e7ais, j&#8217;ai du sauver le monde 7 ou 8 fois (la seule chose dont je sois certain, c&#8217;est que c&#8217;\u00e9tait une fois de plus que Bruce Willis, un looser). C&#8217;est donc avec la larmichette au coin de l&#8217;oeil que j&#8217;acceptais le Prix Nobel de la Paix.<\/p>\n\n\n\n<p>Pour me reposer de toutes ces \u00e9motions et me distraire, je composais et interpr\u00e9tais quelques tubes musicaux au succ\u00e8s plan\u00e9taire (la danse des canards, entre autre). Il m&#8217;arrivait de faire un petit concert intimiste devant 100 000 personnes (je n&#8217;aime pas trop quand il y a foule), histoire de permettre au public f\u00e9minin de s&#8217;all\u00e9ger de leurs sous-v\u00eatements en me les jetant sur sc\u00e8ne. Tout \u00e9tait collect\u00e9 et redistribu\u00e9, bien \u00e9videmment, car en plus de mes brillantes qualit\u00e9s intellectuelles et athl\u00e9tiques, je jouis d&#8217;une immense g\u00e9n\u00e9rosit\u00e9 naturelle.<\/p>\n\n\n\n<h2 class=\"wp-block-heading\"><strong>&#8230;mais faux !<\/strong><\/h2>\n\n\n\n<p>7h00. Ok, le r\u00e9veil sonne. Bon, revenons \u00e0 notre parcours, dont le d\u00e9cors se situe en Picardie, \u00e0 Tulsa et \u00e0 Nice. <\/p>\n\n\n\n<p><em>Le parcours scolaire et universitaire <\/em><\/p>\n\n\n\n<p>Un passage sans trop d&#8217;histoire(s) dans deux \u00e9coles primaires d&#8217;une petite ville de Picardie (vous connaissez peut-\u00eatre, ces villes avec les inconv\u00e9nients urbains et les d\u00e9savantages ruraux), les ann\u00e9es coll\u00e8ge (les pires !!) pass\u00e9es dans un \u00e9tablissement situ\u00e9 dans un ancien marais (v\u00e9ridique&#8230; Rivers), un lyc\u00e9e du nom d&#8217;une famille de savants (dont je n&#8217;ai jamais su de quel membre il s&#8217;agissait)&#8230; Bon, on est loin des \u00e9tablissements prestigieux US&#8230; Que retenir de ces ann\u00e9es ? Qu&#8217;en Picardie, il pleut souvent et que le ciel est rarement bleu. Qu&#8217;il faut bien y passer. Et puis, il fallait bien d\u00e9crocher le bac apr\u00e8s tout.<\/p>\n\n\n\n<p>Ah, voici enfin venu le temps de la Fac ! Ce n&#8217;\u00e9tait pas Harvard, certes, mais j&#8217;ai pass\u00e9 \u00e0 l&#8217;UPJV d&#8217;excellentes ann\u00e9es ! D&#8217;ailleurs, j&#8217;y ai v\u00e9cu mon r\u00eave am\u00e9ricain puisque j&#8217;ai pass\u00e9 une ann\u00e9e \u00e0 l&#8217;Universit\u00e9 de Tulsa (Oklahoma) pour y r\u00e9aliser mes recherches de Master 2. On peut dire que ce passage aux USA m&#8217;a \u00e9t\u00e9 b\u00e9n\u00e9fique puisque j&#8217;ai d\u00e9croch\u00e9 \u00e0 mon retour en France deux Master (Economie et Math\u00e9matiques), avant de faire trois ans de recherches sur les p\u00f4les de comp\u00e9titivit\u00e9 picards. Un rapide passage \u00e0 SKEMA pour y d\u00e9crocher un troisi\u00e8me Master (Finance), et j&#8217;\u00e9tais solidement \u00e9quip\u00e9 d&#8217;un point de vue acad\u00e9mique. Allez, il me reste un dipl\u00f4me \u00e0 d\u00e9crocher pour que la boucle soit boucl\u00e9e : un Doctorat. Cette qu\u00eate du Graal est mon prochain objectif ! Bien entendu, durant toutes ces ann\u00e9es, certains professeurs m&#8217;ont marqu\u00e9 : Christian Schnakenbourg (Professeur d&#8217;Histoire Economique), Christian Palloix (Professeur d&#8217;Economie) et James P. Ronda (lors de mon ann\u00e9e universitaire \u00e0 l&#8217;Universit\u00e9 de Tulsa.<\/p>\n\n\n\n<h3 class=\"wp-block-heading\"><em>Une premi\u00e8re exp\u00e9rience : l&#8217;enseignement et la recherche<\/em><\/h3>\n\n\n\n<p>Je me suis tout d&#8217;abord consacr\u00e9 \u00e0 la recherche et \u00e0 l&#8217;enseignement. J&#8217;ai enseign\u00e9 pendant environ 6 ans en cours particuliers (math\u00e9matiques et \u00e9conomie, du coll\u00e8ge au niveau universitaire) ainsi qu&#8217;en BTS, dans un lyc\u00e9e amienois. Bien \u00e9videmment, il me reste quelques \u00e9crits (m\u00e9moires universitaires, travaux de recherche, cours, etc.) de cette belle p\u00e9riode, que vous trouverez en suivant le menu d\u00e9roulant (mes contributions).<\/p>\n\n\n\n<h3 class=\"wp-block-heading\"><em>Une seconde exp\u00e9rience : la Gestion de Patrimoine<\/em><\/h3>\n\n\n\n<p>Mais que voulez-vous, on finit toujours pas se lasser des bonnes choses. Apr\u00e8s toutes ces ann\u00e9es pass\u00e9es dans l&#8217;enseignement et la recherche, je souhaitais \u00e9voluer dans un secteur diff\u00e9rent. C&#8217;est sur la banque patrimoniale que j&#8217;allais jeter mon d\u00e9volu. Et quitte \u00e0 changer, autant le faire jusqu&#8217;au bout ! Changement de d\u00e9cors : il \u00e9tait temps de s&#8217;envoler pour la C\u00f4te d&#8217;Azur, \u00e0 Nice, la Miami m\u00e9diterran\u00e9enne. Vu la politique s\u00e9curitaire locale, on y trouve bien plus que deux flics habill\u00e9s en rose avec des costumes italiens aux \u00e9paules XXL. Fini la grisaille, place aux palmiers, au ciel bleu et au soleil ! Il \u00e9tait temps de se mettre \u00e0 la cuisine \u00e0 l&#8217;huile et au Nissart. \ud83c\udf1e \ud83c\udf34<\/p>\n\n\n\n<h3 class=\"wp-block-heading\"><em>Une troisi\u00e8me exp\u00e9rience : retour \u00e0 l&#8217;enseignement<\/em> <em>!<\/em><\/h3>\n\n\n\n<p>Apr\u00e8s dix ans pass\u00e9es dans le secteur financier, je devais bien l&#8217;admettre : seules trois ou quatre ann\u00e9es m&#8217;avaient r\u00e9ellement plu ! Les trois ann\u00e9es chez Allianz, et la premi\u00e8re chez Barclays. L\u00e0 encore, plut\u00f4t que de rester inerte dans une situation qui ne me convenait plus, je me suis fix\u00e9 mon nouveau challenge : obtenir le CAPET d&#8217;Economie-Gestion. A 42 ans, il \u00e9tait temps ! D&#8217;autant plus que je voulais \u00eatre prof depuis mon plus jeune \u00e2ge. Apr\u00e8s un premier poste \u00e0 Nice et un second \u00e0 Clermont-Ferrand, je suis actuellement \u00e0 Aix-en-Provence. La suite, pour moi, ce sera Agr\u00e9gation, Doctorat et direction les <em>Business Schools<\/em> aux USA \ud83c\uddfa\ud83c\uddf8 ! <\/p>\n\n\n\n<h2 class=\"wp-block-heading\">En synth\u00e8se, G\u00e9rald Nadaud c&#8217;est : <\/h2>\n\n\n\n<ul class=\"wp-block-list\">\n<li>Trois Bac + 5 (Economie, Math\u00e9matiques et Gestion) en Universit\u00e9 et en ESC \ud83c\udf93<\/li>\n\n\n\n<li>Une exp\u00e9rience pro dans la recherche, la gestion de patrimoine et l&#8217;enseignement <\/li>\n\n\n\n<li>Un bon sens de l&#8217;humour \ud83e\udd13<\/li>\n<\/ul>\n\n\n\n<p><\/p>\n\n\n\n<figure class=\"wp-block-image\"><img loading=\"lazy\" decoding=\"async\" width=\"1920\" height=\"1080\" src=\"http:\/\/geraldnadaud.fr\/wp-content\/uploads\/2024\/10\/Avatar-south-park.png\" alt=\"\" class=\"wp-image-134\" srcset=\"https:\/\/geraldnadaud.fr\/wp-content\/uploads\/2024\/10\/Avatar-south-park.png 1920w, https:\/\/geraldnadaud.fr\/wp-content\/uploads\/2024\/10\/Avatar-south-park-300x169.png 300w, https:\/\/geraldnadaud.fr\/wp-content\/uploads\/2024\/10\/Avatar-south-park-1024x576.png 1024w, https:\/\/geraldnadaud.fr\/wp-content\/uploads\/2024\/10\/Avatar-south-park-768x432.png 768w, https:\/\/geraldnadaud.fr\/wp-content\/uploads\/2024\/10\/Avatar-south-park-1536x864.png 1536w\" sizes=\"auto, (max-width: 1920px) 100vw, 1920px\" \/><\/figure>\n\n\n\n<p class=\"has-text-align-center\"><em><strong>En d\u00e9finitive, G\u00e9rald Nadaud, c&#8217;est un prof heureux \ud83d\ude03!<\/strong><\/em><\/p>\n<div class=\"remoji_bar\"><div class=\"remoji_add_container\" data-remoji-id=\"38\" data-remoji-type=\"post\"><div class=\"remoji_add_icon\"><\/div><\/div><div class=\"remoji_error_bar\" data-remoji-id=\"38\" data-remoji-type=\"post\" style=\"display: none;\">Error happened.<\/div><\/div>","protected":false},"excerpt":{"rendered":"<p>Quoi de mieux qu&#8217;un site Internet pour expliquer son parcours pro ? Au moins, je peux mettre en avant ce que je veux, mentir quand&#8230;<\/p>\n<div class=\"more-link-wrapper\"><a class=\"more-link\" href=\"https:\/\/geraldnadaud.fr\/index.php\/mon-parcours\/\">Lire la suite (et la fin \ud83d\ude09 !)<span class=\"screen-reader-text\">G\u00e9rald Nadaud, c\u00e9ki ? \ud83e\udd14<\/span><\/a><\/div>\n","protected":false},"author":1,"featured_media":0,"parent":0,"menu_order":0,"comment_status":"closed","ping_status":"closed","template":"","meta":{"footnotes":""},"class_list":["post-38","page","type-page","status-publish","hentry","entry"],"_links":{"self":[{"href":"https:\/\/geraldnadaud.fr\/index.php\/wp-json\/wp\/v2\/pages\/38","targetHints":{"allow":["GET"]}}],"collection":[{"href":"https:\/\/geraldnadaud.fr\/index.php\/wp-json\/wp\/v2\/pages"}],"about":[{"href":"https:\/\/geraldnadaud.fr\/index.php\/wp-json\/wp\/v2\/types\/page"}],"author":[{"embeddable":true,"href":"https:\/\/geraldnadaud.fr\/index.php\/wp-json\/wp\/v2\/users\/1"}],"replies":[{"embeddable":true,"href":"https:\/\/geraldnadaud.fr\/index.php\/wp-json\/wp\/v2\/comments?post=38"}],"version-history":[{"count":7,"href":"https:\/\/geraldnadaud.fr\/index.php\/wp-json\/wp\/v2\/pages\/38\/revisions"}],"predecessor-version":[{"id":160,"href":"https:\/\/geraldnadaud.fr\/index.php\/wp-json\/wp\/v2\/pages\/38\/revisions\/160"}],"wp:attachment":[{"href":"https:\/\/geraldnadaud.fr\/index.php\/wp-json\/wp\/v2\/media?parent=38"}],"curies":[{"name":"wp","href":"https:\/\/api.w.org\/{rel}","templated":true}]}}