{"id":93,"date":"2024-10-23T16:30:19","date_gmt":"2024-10-23T14:30:19","guid":{"rendered":"https:\/\/geraldnadaud.fr\/?page_id=93"},"modified":"2024-10-23T17:00:24","modified_gmt":"2024-10-23T15:00:24","slug":"les-professeurs","status":"publish","type":"page","link":"https:\/\/geraldnadaud.fr\/index.php\/les-professeurs\/","title":{"rendered":"Les Professeurs"},"content":{"rendered":"\n<p>Vous retrouverez ici les enseignants qui m&#8217;ont marqu\u00e9 pendant mon parcours, que ce soit au travers de leurs cours ou de leurs publications acad\u00e9miques. Un grand merci \u00e0 eux ! <\/p>\n\n\n\n<figure class=\"wp-block-embed is-type-wp-embed is-provider-g-rald-nadaud wp-block-embed-g-rald-nadaud\"><div class=\"wp-block-embed__wrapper\">\n<blockquote class=\"wp-embedded-content\" data-secret=\"i2PZ2P4Lgo\"><a href=\"https:\/\/geraldnadaud.fr\/index.php\/2024\/07\/26\/portrait-n1-christian-palloix-professeur-emerite-a-luniversite-de-picardie-jules-verne\/\">Portrait n\u00b01 : Christian Palloix, Professeur Em\u00e9rite \u00e0 l&rsquo;Universit\u00e9 de Picardie Jules Verne<\/a><\/blockquote><iframe loading=\"lazy\" class=\"wp-embedded-content\" sandbox=\"allow-scripts\" security=\"restricted\" style=\"position: absolute; visibility: hidden;\" title=\"\u00ab\u00a0Portrait n\u00b01 : Christian Palloix, Professeur Em\u00e9rite \u00e0 l&rsquo;Universit\u00e9 de Picardie Jules Verne\u00a0\u00bb &#8212; G\u00e9rald Nadaud\" src=\"https:\/\/geraldnadaud.fr\/index.php\/2024\/07\/26\/portrait-n1-christian-palloix-professeur-emerite-a-luniversite-de-picardie-jules-verne\/embed\/#?secret=3hapJoECCq#?secret=i2PZ2P4Lgo\" data-secret=\"i2PZ2P4Lgo\" width=\"500\" height=\"282\" frameborder=\"0\" marginwidth=\"0\" marginheight=\"0\" scrolling=\"no\"><\/iframe>\n<\/div><\/figure>\n<div class=\"remoji_bar\"><div class=\"remoji_add_container\" data-remoji-id=\"93\" data-remoji-type=\"post\"><div class=\"remoji_add_icon\"><\/div><\/div><div class=\"remoji_error_bar\" data-remoji-id=\"93\" data-remoji-type=\"post\" style=\"display: none;\">Error happened.<\/div><\/div>","protected":false},"excerpt":{"rendered":"<p>Vous retrouverez ici les enseignants qui m&#8217;ont marqu\u00e9 pendant mon parcours, que ce soit au travers de leurs cours ou de leurs publications acad\u00e9miques. Un&#8230;<\/p>\n<div class=\"more-link-wrapper\"><a class=\"more-link\" href=\"https:\/\/geraldnadaud.fr\/index.php\/les-professeurs\/\">Lire la suite (et la fin \ud83d\ude09 !)<span class=\"screen-reader-text\">Les Professeurs<\/span><\/a><\/div>\n","protected":false},"author":1,"featured_media":0,"parent":0,"menu_order":0,"comment_status":"closed","ping_status":"closed","template":"","meta":{"footnotes":""},"class_list":["post-93","page","type-page","status-publish","hentry","entry"],"_links":{"self":[{"href":"https:\/\/geraldnadaud.fr\/index.php\/wp-json\/wp\/v2\/pages\/93","targetHints":{"allow":["GET"]}}],"collection":[{"href":"https:\/\/geraldnadaud.fr\/index.php\/wp-json\/wp\/v2\/pages"}],"about":[{"href":"https:\/\/geraldnadaud.fr\/index.php\/wp-json\/wp\/v2\/types\/page"}],"author":[{"embeddable":true,"href":"https:\/\/geraldnadaud.fr\/index.php\/wp-json\/wp\/v2\/users\/1"}],"replies":[{"embeddable":true,"href":"https:\/\/geraldnadaud.fr\/index.php\/wp-json\/wp\/v2\/comments?post=93"}],"version-history":[{"count":2,"href":"https:\/\/geraldnadaud.fr\/index.php\/wp-json\/wp\/v2\/pages\/93\/revisions"}],"predecessor-version":[{"id":105,"href":"https:\/\/geraldnadaud.fr\/index.php\/wp-json\/wp\/v2\/pages\/93\/revisions\/105"}],"wp:attachment":[{"href":"https:\/\/geraldnadaud.fr\/index.php\/wp-json\/wp\/v2\/media?parent=93"}],"curies":[{"name":"wp","href":"https:\/\/api.w.org\/{rel}","templated":true}]}}